{"id":5113,"date":"2024-08-28T04:44:48","date_gmt":"2024-08-28T04:44:48","guid":{"rendered":"https:\/\/disfrutadelvalle.com\/?page_id=5113"},"modified":"2024-11-15T03:27:33","modified_gmt":"2024-11-15T03:27:33","slug":"quienes-somos","status":"publish","type":"page","link":"https:\/\/disfrutadelvalle.com\/en\/quienes-somos\/","title":{"rendered":"About Us"},"content":{"rendered":"<div data-elementor-type=\"wp-page\" data-elementor-id=\"5113\" class=\"elementor elementor-5113\">\n\t\t\t\t<div class=\"elementor-element elementor-element-5b7c63d4 e-con-full thegem-e-con-layout-thegem e-flex e-con e-parent\" data-id=\"5b7c63d4\" data-element_type=\"container\" data-e-type=\"container\" data-settings=\"{&quot;background_background&quot;:&quot;classic&quot;,&quot;thegem_container_layout&quot;:&quot;thegem&quot;}\">\r\n\t\t<div class=\"elementor-element elementor-element-3a9f4e36 e-con-full thegem-e-con-layout-thegem e-flex e-con e-child\" data-id=\"3a9f4e36\" data-element_type=\"container\" data-e-type=\"container\" data-settings=\"{&quot;thegem_container_layout&quot;:&quot;thegem&quot;}\">\r\n\t\t\t\t<div class=\"elementor-element elementor-element-2cc7e3be elementor-widget__width-initial flex-horizontal-align-default flex-horizontal-align-tablet-default flex-horizontal-align-mobile-default flex-vertical-align-default flex-vertical-align-tablet-default flex-vertical-align-mobile-default elementor-widget elementor-widget-heading\" data-id=\"2cc7e3be\" data-element_type=\"widget\" data-e-type=\"widget\" data-widget_type=\"heading.default\">\n\t\t\t\t<div class=\"elementor-widget-container\">\n\t\t\t\t\t<h1 class=\"elementor-heading-title elementor-size-default\">About Us<\/h1>\t\t\t\t<\/div>\n\t\t\t\t<\/div>\n\t\t\t\t<div class=\"elementor-element elementor-element-6ebdd7e4 flex-horizontal-align-default flex-horizontal-align-tablet-default flex-horizontal-align-mobile-default flex-vertical-align-default flex-vertical-align-tablet-default flex-vertical-align-mobile-default elementor-widget elementor-widget-text-editor\" data-id=\"6ebdd7e4\" data-element_type=\"widget\" data-e-type=\"widget\" data-widget_type=\"text-editor.default\">\n\t\t\t\t<div class=\"elementor-widget-container\">\n\t\t\t\t\t\t\t\t\t\t\t\t<div class=\"elementor-text-editor elementor-clearfix\">\r\n\t\t\t\t\t\t<p class=\"translation-block\">We are a Colombian company based in Cali, specializing in the production, \ncommercialization, and distribution of premium fruit pulps. Committed to continuous \nimprovement, we ensure the highest quality and safety standards in every product. Our \nhighly skilled team adheres to GMP guidelines, sourcing raw materials directly from local \nfarms to support and empower farmers.<\/p>\t\t\t\t\t\t\t<\/div>\r\n\t\t\t\t\t\t\t\t\t\t<\/div>\n\t\t\t\t<\/div>\n\t\t\t\t<div class=\"elementor-element elementor-element-c277ab4 elementor-widget-divider--view-line flex-horizontal-align-default flex-horizontal-align-tablet-default flex-horizontal-align-mobile-default flex-vertical-align-default flex-vertical-align-tablet-default flex-vertical-align-mobile-default elementor-widget elementor-widget-divider\" data-id=\"c277ab4\" data-element_type=\"widget\" data-e-type=\"widget\" data-widget_type=\"divider.default\">\n\t\t\t\t<div class=\"elementor-widget-container\">\n\t\t\t\t\t\t\t<div class=\"elementor-divider\">\n\t\t\t<span class=\"elementor-divider-separator\">\n\t\t\t\t\t\t<\/span>\n\t\t<\/div>\n\t\t\t\t\t\t<\/div>\n\t\t\t\t<\/div>\n\t\t\t\t<div class=\"elementor-element elementor-element-ea6dd03 flex-horizontal-align-default flex-horizontal-align-tablet-default flex-horizontal-align-mobile-default flex-vertical-align-default flex-vertical-align-tablet-default flex-vertical-align-mobile-default elementor-widget elementor-widget-heading\" data-id=\"ea6dd03\" data-element_type=\"widget\" data-e-type=\"widget\" data-widget_type=\"heading.default\">\n\t\t\t\t<div class=\"elementor-widget-container\">\n\t\t\t\t\t<h1 class=\"elementor-heading-title elementor-size-default\">Vision<\/h1>\t\t\t\t<\/div>\n\t\t\t\t<\/div>\n\t\t\t\t<div class=\"elementor-element elementor-element-64b32bf flex-horizontal-align-default flex-horizontal-align-tablet-default flex-horizontal-align-mobile-default flex-vertical-align-default flex-vertical-align-tablet-default flex-vertical-align-mobile-default elementor-widget elementor-widget-text-editor\" data-id=\"64b32bf\" data-element_type=\"widget\" data-e-type=\"widget\" data-widget_type=\"text-editor.default\">\n\t\t\t\t<div class=\"elementor-widget-container\">\n\t\t\t\t\t\t\t\t\t\t\t\t<div class=\"elementor-text-editor elementor-clearfix\">\r\n\t\t\t\t\t\t<p class=\"translation-block\">By 2028, we aim to be Colombia's leading company, recognized for our innovative \nportfolio and exceptional quality in both processes and production. We will be known for \nour dedicated team, renowned for its commitment, leadership, and continuous growth.<\/p>\t\t\t\t\t\t\t<\/div>\r\n\t\t\t\t\t\t\t\t\t\t<\/div>\n\t\t\t\t<\/div>\n\t\t\t\t<div class=\"elementor-element elementor-element-3070060 elementor-widget-divider--view-line flex-horizontal-align-default flex-horizontal-align-tablet-default flex-horizontal-align-mobile-default flex-vertical-align-default flex-vertical-align-tablet-default flex-vertical-align-mobile-default elementor-widget elementor-widget-divider\" data-id=\"3070060\" data-element_type=\"widget\" data-e-type=\"widget\" data-widget_type=\"divider.default\">\n\t\t\t\t<div class=\"elementor-widget-container\">\n\t\t\t\t\t\t\t<div class=\"elementor-divider\">\n\t\t\t<span class=\"elementor-divider-separator\">\n\t\t\t\t\t\t<\/span>\n\t\t<\/div>\n\t\t\t\t\t\t<\/div>\n\t\t\t\t<\/div>\n\t\t\t\t<div class=\"elementor-element elementor-element-a7e382e flex-horizontal-align-default flex-horizontal-align-tablet-default flex-horizontal-align-mobile-default flex-vertical-align-default flex-vertical-align-tablet-default flex-vertical-align-mobile-default elementor-widget elementor-widget-heading\" data-id=\"a7e382e\" data-element_type=\"widget\" data-e-type=\"widget\" data-widget_type=\"heading.default\">\n\t\t\t\t<div class=\"elementor-widget-container\">\n\t\t\t\t\t<h1 class=\"elementor-heading-title elementor-size-default\">Mission<\/h1>\t\t\t\t<\/div>\n\t\t\t\t<\/div>\n\t\t\t\t<div class=\"elementor-element elementor-element-83be544 flex-horizontal-align-default flex-horizontal-align-tablet-default flex-horizontal-align-mobile-default flex-vertical-align-default flex-vertical-align-tablet-default flex-vertical-align-mobile-default elementor-widget elementor-widget-text-editor\" data-id=\"83be544\" data-element_type=\"widget\" data-e-type=\"widget\" data-widget_type=\"text-editor.default\">\n\t\t\t\t<div class=\"elementor-widget-container\">\n\t\t\t\t\t\t\t\t\t\t\t\t<div class=\"elementor-text-editor elementor-clearfix\">\r\n\t\t\t\t\t\t<p class=\"translation-block\">We specialize in the production, commercialization, and distribution of nutritious fruit pulps. Our skilled team is committed to delivering high-quality products that promote \nhealth, drive growth, and ensure profitability for our customers.<\/p>\t\t\t\t\t\t\t<\/div>\r\n\t\t\t\t\t\t\t\t\t\t<\/div>\n\t\t\t\t<\/div>\n\t\t\t\t<\/div>\n\t\t<div class=\"elementor-element elementor-element-976c3d8 e-con-full thegem-e-con-layout-thegem e-flex e-con e-child\" data-id=\"976c3d8\" data-element_type=\"container\" data-e-type=\"container\" data-settings=\"{&quot;thegem_container_layout&quot;:&quot;thegem&quot;}\">\r\n\t\t\t\t<div class=\"elementor-element elementor-element-3a2493ad flex-horizontal-align-default flex-horizontal-align-tablet-default flex-horizontal-align-mobile-default flex-vertical-align-default flex-vertical-align-tablet-default flex-vertical-align-mobile-default elementor-widget elementor-widget-image\" data-id=\"3a2493ad\" data-element_type=\"widget\" data-e-type=\"widget\" data-widget_type=\"image.default\">\n\t\t\t\t<div class=\"elementor-widget-container\">\n\t\t\t\t\t\t\t\t\t\t\t\t\t\t\t<img width=\"576\" height=\"1024\" src=\"https:\/\/disfrutadelvalle.com\/wp-content\/uploads\/2024\/09\/bolsa_pulpas.fw-transformed-576x1024.png\" class=\"attachment-large size-large wp-image-5382\" alt=\"\" srcset=\"https:\/\/disfrutadelvalle.com\/wp-content\/uploads\/2024\/09\/bolsa_pulpas.fw-transformed-576x1024.png 576w, https:\/\/disfrutadelvalle.com\/wp-content\/uploads\/2024\/09\/bolsa_pulpas.fw-transformed-169x300.png 169w, https:\/\/disfrutadelvalle.com\/wp-content\/uploads\/2024\/09\/bolsa_pulpas.fw-transformed-768x1365.png 768w, https:\/\/disfrutadelvalle.com\/wp-content\/uploads\/2024\/09\/bolsa_pulpas.fw-transformed-864x1536.png 864w, https:\/\/disfrutadelvalle.com\/wp-content\/uploads\/2024\/09\/bolsa_pulpas.fw-transformed-1152x2048.png 1152w, https:\/\/disfrutadelvalle.com\/wp-content\/uploads\/2024\/09\/bolsa_pulpas.fw-transformed-600x1066.png 600w, https:\/\/disfrutadelvalle.com\/wp-content\/uploads\/2024\/09\/bolsa_pulpas.fw-transformed.png 1204w\" sizes=\"(max-width: 576px) 100vw, 576px\" \/>\t\t\t\t\t\t\t\t\t\t\t\t\t\t\t<\/div>\n\t\t\t\t<\/div>\n\t\t\t\t<\/div>\n\t\t\t\t<\/div>\n\t\t<div class=\"elementor-element elementor-element-53936909 thegem-e-con-layout-thegem e-flex e-con-boxed e-con e-parent\" data-id=\"53936909\" data-element_type=\"container\" data-e-type=\"container\" data-settings=\"{&quot;thegem_container_layout&quot;:&quot;thegem&quot;}\">\r\n\t\t\t\t\t<div class=\"e-con-inner\">\r\n\t\t<div class=\"elementor-element elementor-element-415b65ef e-con-full thegem-e-con-layout-thegem e-flex e-con e-child\" data-id=\"415b65ef\" data-element_type=\"container\" data-e-type=\"container\" data-settings=\"{&quot;thegem_container_layout&quot;:&quot;thegem&quot;}\">\r\n\t\t<div class=\"elementor-element elementor-element-710f9ec2 e-con-full thegem-e-con-layout-thegem e-flex e-con e-child\" data-id=\"710f9ec2\" data-element_type=\"container\" data-e-type=\"container\" data-settings=\"{&quot;thegem_container_layout&quot;:&quot;thegem&quot;}\">\r\n\t\t\t\t<div class=\"elementor-element elementor-element-97f7fbe flex-horizontal-align-default flex-horizontal-align-tablet-default flex-horizontal-align-mobile-default flex-vertical-align-default flex-vertical-align-tablet-default flex-vertical-align-mobile-default elementor-widget elementor-widget-thegem-styledimage\" data-id=\"97f7fbe\" data-element_type=\"widget\" data-e-type=\"widget\" data-settings=\"{&quot;image&quot;:{&quot;url&quot;:&quot;https:\\\/\\\/disfrutadelvalle.com\\\/wp-content\\\/uploads\\\/2024\\\/10\\\/campesino.fw_.png&quot;,&quot;id&quot;:5603,&quot;size&quot;:&quot;&quot;,&quot;alt&quot;:&quot;&quot;,&quot;source&quot;:&quot;library&quot;},&quot;thegem_elementor_preset&quot;:&quot;default&quot;,&quot;image_position&quot;:&quot;left&quot;,&quot;icon_show&quot;:&quot;yes&quot;}\" data-widget_type=\"thegem-styledimage.default\">\n\t\t\t\t<div class=\"elementor-widget-container\">\n\t\t\t\t\t\n<div class=\"styled-image-wrapper\">\n\t\t\t<div class=\"gem-image gem-wrapbox gem-wrapbox-default gem-wrapbox-position-left lazy-loading\">\n\t\t\t<div class=\"gem-wrapbox-inner  lazy-loading-item\"  data-ll-effect=\"move-up\">\n\t\t\t\t\t\t\t\t<a href=\"https:\/\/disfrutadelvalle.com\/wp-content\/uploads\/2024\/10\/campesino.fw_.png\" class=\"fancybox\">\n\t\t\t\t\t\t\t\t\t\t<img class=\"gem-wrapbox-element img-responsive\"\n\t\t\t\t\t\t src=\"https:\/\/disfrutadelvalle.com\/wp-content\/uploads\/2024\/10\/campesino.fw_.png\"\n\t\t\t\t\t\t alt=\"campesino.fw\">\n\t\t\t\t\t\t\t\t\t\t<svg aria-hidden=\"true\" class=\"e-font-icon-svg e-fas-camera\" viewbox=\"0 0 512 512\" xmlns=\"http:\/\/www.w3.org\/2000\/svg\"><path d=\"M512 144v288c0 26.5-21.5 48-48 48H48c-26.5 0-48-21.5-48-48V144c0-26.5 21.5-48 48-48h88l12.3-32.9c7-18.7 24.9-31.1 44.9-31.1h125.5c20 0 37.9 12.4 44.9 31.1L376 96h88c26.5 0 48 21.5 48 48zM376 288c0-66.2-53.8-120-120-120s-120 53.8-120 120 53.8 120 120 120 120-53.8 120-120zm-32 0c0 48.5-39.5 88-88 88s-88-39.5-88-88 39.5-88 88-88 88 39.5 88 88z\"><\/path><\/svg>\t\t\t\t<\/a>\n\t\t\t\t\t\t<\/div>\n\t\t<\/div>\n\t\t<\/div>\n\n\n\t\n\t\t\t\t\t\t<\/div>\n\t\t\t\t<\/div>\n\t\t\t\t<div class=\"elementor-element elementor-element-dcfa588 flex-horizontal-align-default flex-horizontal-align-tablet-default flex-horizontal-align-mobile-default flex-vertical-align-default flex-vertical-align-tablet-default flex-vertical-align-mobile-default elementor-widget elementor-widget-text-editor\" data-id=\"dcfa588\" data-element_type=\"widget\" data-e-type=\"widget\" data-widget_type=\"text-editor.default\">\n\t\t\t\t<div class=\"elementor-widget-container\">\n\t\t\t\t\t\t\t\t\t\t\t\t<div class=\"elementor-text-editor elementor-clearfix\">\r\n\t\t\t\t\t\t<p><span style=\"font-weight: 400;\">Choosing us means more than just high-quality products \u2013 it means supporting a more \nequitable and sustainable system.<\/span><\/p>\t\t\t\t\t\t\t<\/div>\r\n\t\t\t\t\t\t\t\t\t\t<\/div>\n\t\t\t\t<\/div>\n\t\t\t\t<\/div>\n\t\t\t\t<\/div>\n\t\t<div class=\"elementor-element elementor-element-1b0ffd27 e-con-full thegem-e-con-layout-thegem e-flex e-con e-child\" data-id=\"1b0ffd27\" data-element_type=\"container\" data-e-type=\"container\" data-settings=\"{&quot;thegem_container_layout&quot;:&quot;thegem&quot;}\">\r\n\t\t\t\t<div class=\"elementor-element elementor-element-38b19c4 flex-horizontal-align-default flex-horizontal-align-tablet-default flex-horizontal-align-mobile-default flex-vertical-align-default flex-vertical-align-tablet-default flex-vertical-align-mobile-default elementor-widget elementor-widget-heading\" data-id=\"38b19c4\" data-element_type=\"widget\" data-e-type=\"widget\" data-widget_type=\"heading.default\">\n\t\t\t\t<div class=\"elementor-widget-container\">\n\t\t\t\t\t<h1 class=\"elementor-heading-title elementor-size-default\">Our Values<\/h1>\t\t\t\t<\/div>\n\t\t\t\t<\/div>\n\t\t\t\t<div class=\"elementor-element elementor-element-25ee00a0 flex-horizontal-align-default flex-horizontal-align-tablet-default flex-horizontal-align-mobile-default flex-vertical-align-default flex-vertical-align-tablet-default flex-vertical-align-mobile-default elementor-widget elementor-widget-text-editor\" data-id=\"25ee00a0\" data-element_type=\"widget\" data-e-type=\"widget\" data-widget_type=\"text-editor.default\">\n\t\t\t\t<div class=\"elementor-widget-container\">\n\t\t\t\t\t\t\t\t\t\t\t\t<div class=\"elementor-text-editor elementor-clearfix\">\r\n\t\t\t\t\t\t<p class=\"translation-block\">At Disfruta del Valle, we believe every fruit has a story. Our mission is to bridge the \ncountryside and the city, fostering a sustainable and fair value chain. By partnering with \nlocal farmers, we support their communities and ensure fair trade that uplifts lives and \ndrives rural development.<\/p><p><span style=\"font-weight: 400;\">Our pulps, concentrates, and juices represent \nhonest, artisanal work, from harvest to delivery. We uphold the highest quality standards \nwhile respecting the environment and promoting economic growth in rural areas.<\/span><\/p><p>\u00a0<\/p>\t\t\t\t\t\t\t<\/div>\r\n\t\t\t\t\t\t\t\t\t\t<\/div>\n\t\t\t\t<\/div>\n\t\t\t\t<\/div>\n\t\t\t\t\t<\/div>\n\t\t\t\t<\/div>\n\t\t\t\t<\/div>","protected":false},"excerpt":{"rendered":"<p>Quienes Somos Somos una empresa colombiana, nace en Cali enfocada\u00a0en la producci\u00f3n, comercializaci\u00f3n y distribuci\u00f3n de\u00a0pulpa de fruta, esforz\u00e1ndonos cada&#8230;<\/p>","protected":false},"author":1,"featured_media":5603,"parent":0,"menu_order":0,"comment_status":"closed","ping_status":"closed","template":"elementor_theme","meta":{"_monsterinsights_skip_tracking":false,"_monsterinsights_sitenote_active":false,"_monsterinsights_sitenote_note":"","_monsterinsights_sitenote_category":0,"footnotes":""},"class_list":["post-5113","page","type-page","status-publish","has-post-thumbnail"],"aioseo_notices":[],"_links":{"self":[{"href":"https:\/\/disfrutadelvalle.com\/en\/wp-json\/wp\/v2\/pages\/5113","targetHints":{"allow":["GET"]}}],"collection":[{"href":"https:\/\/disfrutadelvalle.com\/en\/wp-json\/wp\/v2\/pages"}],"about":[{"href":"https:\/\/disfrutadelvalle.com\/en\/wp-json\/wp\/v2\/types\/page"}],"author":[{"embeddable":true,"href":"https:\/\/disfrutadelvalle.com\/en\/wp-json\/wp\/v2\/users\/1"}],"replies":[{"embeddable":true,"href":"https:\/\/disfrutadelvalle.com\/en\/wp-json\/wp\/v2\/comments?post=5113"}],"version-history":[{"count":40,"href":"https:\/\/disfrutadelvalle.com\/en\/wp-json\/wp\/v2\/pages\/5113\/revisions"}],"predecessor-version":[{"id":5609,"href":"https:\/\/disfrutadelvalle.com\/en\/wp-json\/wp\/v2\/pages\/5113\/revisions\/5609"}],"wp:featuredmedia":[{"embeddable":true,"href":"https:\/\/disfrutadelvalle.com\/en\/wp-json\/wp\/v2\/media\/5603"}],"wp:attachment":[{"href":"https:\/\/disfrutadelvalle.com\/en\/wp-json\/wp\/v2\/media?parent=5113"}],"curies":[{"name":"wp","href":"https:\/\/api.w.org\/{rel}","templated":true}]}}